{"id":1694,"date":"2023-05-22T13:19:15","date_gmt":"2023-05-22T13:19:15","guid":{"rendered":"https:\/\/didunas.eu\/?page_id=1694"},"modified":"2023-05-22T13:26:05","modified_gmt":"2023-05-22T13:26:05","slug":"datenschutzbestimmungen","status":"publish","type":"page","link":"https:\/\/didunas.eu\/de\/datenschutzbestimmungen\/","title":{"rendered":"Datenschutzbestimmungen"},"content":{"rendered":"<div data-elementor-type=\"wp-page\" data-elementor-id=\"1694\" class=\"elementor elementor-1694\">\n\t\t\t\t\t\t<section class=\"elementor-section elementor-top-section elementor-element elementor-element-f11d4c3 elementor-section-boxed elementor-section-height-default elementor-section-height-default\" data-id=\"f11d4c3\" data-element_type=\"section\" data-e-type=\"section\">\n\t\t\t\t\t\t<div class=\"elementor-container elementor-column-gap-default\">\n\t\t\t\t\t<div class=\"elementor-column elementor-col-100 elementor-top-column elementor-element elementor-element-c8f52bd\" data-id=\"c8f52bd\" data-element_type=\"column\" data-e-type=\"column\">\n\t\t\t<div class=\"elementor-widget-wrap elementor-element-populated\">\n\t\t\t\t\t\t<div class=\"elementor-element elementor-element-9428925 elementor-widget elementor-widget-heading\" data-id=\"9428925\" data-element_type=\"widget\" data-e-type=\"widget\" data-widget_type=\"heading.default\">\n\t\t\t\t<div class=\"elementor-widget-container\">\n\t\t\t\t\t<h3 class=\"elementor-heading-title elementor-size-default\">Datenschutzbestimmungen zur Anmeldung f\u00fcr Informationsveranstaltungen<\/h3>\t\t\t\t<\/div>\n\t\t\t\t<\/div>\n\t\t\t\t\t<\/div>\n\t\t<\/div>\n\t\t\t\t\t<\/div>\n\t\t<\/section>\n\t\t\t\t<section class=\"elementor-section elementor-top-section elementor-element elementor-element-e707755 elementor-section-boxed elementor-section-height-default elementor-section-height-default\" data-id=\"e707755\" data-element_type=\"section\" data-e-type=\"section\">\n\t\t\t\t\t\t<div class=\"elementor-container elementor-column-gap-default\">\n\t\t\t\t\t<div class=\"elementor-column elementor-col-100 elementor-top-column elementor-element elementor-element-cf36374\" data-id=\"cf36374\" data-element_type=\"column\" data-e-type=\"column\">\n\t\t\t<div class=\"elementor-widget-wrap elementor-element-populated\">\n\t\t\t\t\t\t<div class=\"elementor-element elementor-element-2adb99f elementor-widget elementor-widget-text-editor\" data-id=\"2adb99f\" data-element_type=\"widget\" data-e-type=\"widget\" data-widget_type=\"text-editor.default\">\n\t\t\t\t<div class=\"elementor-widget-container\">\n\t\t\t\t\t\t\t\t\t<p style=\"font-weight: 400;\">Die personenbezogenen Daten, die Sie uns im Rahmen dieser Anmeldung zur Verf\u00fcgung stellen, werden nur f\u00fcr die Anmeldung zur DIDUNAS-Informationsveranstaltung und f\u00fcr die damit verbundene technische Administration verwendet. Die Weitergabe an Dritte findet nicht statt.<\/p><p style=\"font-weight: 400;\">Sie haben das Recht, eine erteilte Einwilligung mit Wirkung f\u00fcr die Zukunft jederzeit zu widerrufen. In diesem Fall werden Ihre personenbezogenen Daten umgehend gel\u00f6scht. Sie k\u00f6nnen sich jederzeit \u00fcber die zu Ihrer Person gespeicherten Daten informieren.<\/p>\t\t\t\t\t\t\t\t<\/div>\n\t\t\t\t<\/div>\n\t\t\t\t\t<\/div>\n\t\t<\/div>\n\t\t\t\t\t<\/div>\n\t\t<\/section>\n\t\t\t\t<\/div>","protected":false},"excerpt":{"rendered":"<p>Datenschutzbestimmungen zur Anmeldung f\u00fcr Informationsveranstaltungen Die personenbezogenen Daten, die Sie uns im Rahmen dieser Anmeldung zur Verf\u00fcgung stellen, werden nur f\u00fcr die [&hellip;]<\/p>\n","protected":false},"author":1,"featured_media":0,"parent":0,"menu_order":0,"comment_status":"closed","ping_status":"closed","template":"page-templates\/page_front-page.php","meta":{"footnotes":""},"class_list":["post-1694","page","type-page","status-publish","hentry"],"_links":{"self":[{"href":"https:\/\/didunas.eu\/de\/wp-json\/wp\/v2\/pages\/1694","targetHints":{"allow":["GET"]}}],"collection":[{"href":"https:\/\/didunas.eu\/de\/wp-json\/wp\/v2\/pages"}],"about":[{"href":"https:\/\/didunas.eu\/de\/wp-json\/wp\/v2\/types\/page"}],"author":[{"embeddable":true,"href":"https:\/\/didunas.eu\/de\/wp-json\/wp\/v2\/users\/1"}],"replies":[{"embeddable":true,"href":"https:\/\/didunas.eu\/de\/wp-json\/wp\/v2\/comments?post=1694"}],"version-history":[{"count":9,"href":"https:\/\/didunas.eu\/de\/wp-json\/wp\/v2\/pages\/1694\/revisions"}],"predecessor-version":[{"id":3659,"href":"https:\/\/didunas.eu\/de\/wp-json\/wp\/v2\/pages\/1694\/revisions\/3659"}],"wp:attachment":[{"href":"https:\/\/didunas.eu\/de\/wp-json\/wp\/v2\/media?parent=1694"}],"curies":[{"name":"wp","href":"https:\/\/api.w.org\/{rel}","templated":true}]}}