{"id":1929,"date":"2023-10-16T15:56:27","date_gmt":"2023-10-16T15:56:27","guid":{"rendered":"https:\/\/didunas.eu\/?page_id=1929"},"modified":"2023-11-16T15:04:53","modified_gmt":"2023-11-16T15:04:53","slug":"swedish","status":"publish","type":"page","link":"https:\/\/didunas.eu\/de\/swedish\/","title":{"rendered":"Svenska"},"content":{"rendered":"<div data-elementor-type=\"wp-page\" data-elementor-id=\"1929\" class=\"elementor elementor-1929\">\n\t\t\t\t\t\t<section class=\"elementor-section elementor-top-section elementor-element elementor-element-458b7c1 elementor-section-boxed elementor-section-height-default elementor-section-height-default elementor-invisible\" data-id=\"458b7c1\" data-element_type=\"section\" data-e-type=\"section\" data-settings=\"{&quot;background_background&quot;:&quot;classic&quot;,&quot;animation&quot;:&quot;fadeInUp&quot;}\">\n\t\t\t\t\t\t<div class=\"elementor-container elementor-column-gap-default\">\n\t\t\t\t\t<div class=\"elementor-column elementor-col-100 elementor-top-column elementor-element elementor-element-bd6f4e6\" data-id=\"bd6f4e6\" data-element_type=\"column\" data-e-type=\"column\">\n\t\t\t<div class=\"elementor-widget-wrap elementor-element-populated\">\n\t\t\t\t\t\t<div class=\"elementor-element elementor-element-cd6d749 elementor-invisible elementor-widget elementor-widget-heading\" data-id=\"cd6d749\" data-element_type=\"widget\" data-e-type=\"widget\" data-settings=\"{&quot;_animation&quot;:&quot;fadeInUp&quot;}\" data-widget_type=\"heading.default\">\n\t\t\t\t<div class=\"elementor-widget-container\">\n\t\t\t\t\t<h1 class=\"elementor-heading-title elementor-size-default\">L\u00e4randemilj\u00f6 Svenska<\/h1>\t\t\t\t<\/div>\n\t\t\t\t<\/div>\n\t\t\t\t\t<\/div>\n\t\t<\/div>\n\t\t\t\t\t<\/div>\n\t\t<\/section>\n\t\t\t\t<section class=\"elementor-section elementor-top-section elementor-element elementor-element-c17734c elementor-section-boxed elementor-section-height-default elementor-section-height-default\" data-id=\"c17734c\" data-element_type=\"section\" data-e-type=\"section\">\n\t\t\t\t\t\t<div class=\"elementor-container elementor-column-gap-default\">\n\t\t\t\t\t<div class=\"elementor-column elementor-col-100 elementor-top-column elementor-element elementor-element-fb369dc\" data-id=\"fb369dc\" data-element_type=\"column\" data-e-type=\"column\">\n\t\t\t<div class=\"elementor-widget-wrap elementor-element-populated\">\n\t\t\t\t\t\t<div class=\"elementor-element elementor-element-b4d5945 elementor-widget elementor-widget-text-editor\" data-id=\"b4d5945\" data-element_type=\"widget\" data-e-type=\"widget\" data-widget_type=\"text-editor.default\">\n\t\t\t\t<div class=\"elementor-widget-container\">\n\t\t\t\t\t\t\t\t\t<p><span style=\"font-size: 14pt;\">H\u00e4r hittar du <a href=\"https:\/\/didunas.eu\/de\/app-swedish\/\">DIDUNAS App p\u00e5 Svenska<\/a>.<\/span><\/p>\t\t\t\t\t\t\t\t<\/div>\n\t\t\t\t<\/div>\n\t\t\t\t\t<\/div>\n\t\t<\/div>\n\t\t\t\t\t<\/div>\n\t\t<\/section>\n\t\t\t\t<section class=\"elementor-section elementor-top-section elementor-element elementor-element-7b2e7f6 elementor-section-boxed elementor-section-height-default elementor-section-height-default\" data-id=\"7b2e7f6\" data-element_type=\"section\" data-e-type=\"section\">\n\t\t\t\t\t\t<div class=\"elementor-container elementor-column-gap-default\">\n\t\t\t\t\t<div class=\"elementor-column elementor-col-100 elementor-top-column elementor-element elementor-element-0340f70\" data-id=\"0340f70\" data-element_type=\"column\" data-e-type=\"column\">\n\t\t\t<div class=\"elementor-widget-wrap elementor-element-populated\">\n\t\t\t\t\t\t<div class=\"elementor-element elementor-element-c50ceae elementor-widget elementor-widget-text-editor\" data-id=\"c50ceae\" data-element_type=\"widget\" data-e-type=\"widget\" data-widget_type=\"text-editor.default\">\n\t\t\t\t<div class=\"elementor-widget-container\">\n\t\t\t\t\t\t\t\t\t<p><span style=\"font-size: 14pt;\">H\u00e4r hittar du <a href=\"https:\/\/didunas.eu\/de\/support-material-svenska\/\">l\u00e4romedel f\u00f6r eleverna p\u00e5 Svenska<\/a>.<\/span><\/p><p><span style=\"font-size: 14pt;\">H\u00e4r hittar du <a href=\"https:\/\/didunas.eu\/de\/laromedel-for-lararna\/\">l\u00e4romedel f\u00f6r l\u00e4rarna p\u00e5 Svenska<\/a>.<\/span><\/p><p><span style=\"font-size: 14pt;\">H\u00e4r hittar du <a href=\"https:\/\/didunas.eu\/de\/laromedel-for-foraldrarna-vardnadshavarna\/\">l\u00e4romedel f\u00f6r f\u00f6r\u00e4ldrarna\/ v\u00e5rdnadshavarna p\u00e5 Svenska<\/a>.<\/span><\/p><p><span style=\"font-size: 14pt;\">\u00a0<\/span><\/p>\t\t\t\t\t\t\t\t<\/div>\n\t\t\t\t<\/div>\n\t\t\t\t\t<\/div>\n\t\t<\/div>\n\t\t\t\t\t<\/div>\n\t\t<\/section>\n\t\t\t\t<\/div>","protected":false},"excerpt":{"rendered":"<p>L\u00e4randemilj\u00f6 Svenska H\u00e4r hittar du DIDUNAS App p\u00e5 Svenska. H\u00e4r hittar du l\u00e4romedel f\u00f6r eleverna p\u00e5 Svenska. H\u00e4r hittar du l\u00e4romedel f\u00f6r [&hellip;]<\/p>\n","protected":false},"author":1,"featured_media":0,"parent":0,"menu_order":0,"comment_status":"closed","ping_status":"closed","template":"page-templates\/page_front-page.php","meta":{"footnotes":""},"class_list":["post-1929","page","type-page","status-publish","hentry"],"_links":{"self":[{"href":"https:\/\/didunas.eu\/de\/wp-json\/wp\/v2\/pages\/1929","targetHints":{"allow":["GET"]}}],"collection":[{"href":"https:\/\/didunas.eu\/de\/wp-json\/wp\/v2\/pages"}],"about":[{"href":"https:\/\/didunas.eu\/de\/wp-json\/wp\/v2\/types\/page"}],"author":[{"embeddable":true,"href":"https:\/\/didunas.eu\/de\/wp-json\/wp\/v2\/users\/1"}],"replies":[{"embeddable":true,"href":"https:\/\/didunas.eu\/de\/wp-json\/wp\/v2\/comments?post=1929"}],"version-history":[{"count":34,"href":"https:\/\/didunas.eu\/de\/wp-json\/wp\/v2\/pages\/1929\/revisions"}],"predecessor-version":[{"id":3271,"href":"https:\/\/didunas.eu\/de\/wp-json\/wp\/v2\/pages\/1929\/revisions\/3271"}],"wp:attachment":[{"href":"https:\/\/didunas.eu\/de\/wp-json\/wp\/v2\/media?parent=1929"}],"curies":[{"name":"wp","href":"https:\/\/api.w.org\/{rel}","templated":true}]}}