{"id":3164,"date":"2023-11-16T14:36:23","date_gmt":"2023-11-16T14:36:23","guid":{"rendered":"https:\/\/didunas.eu\/?page_id=3164"},"modified":"2023-11-16T16:58:21","modified_gmt":"2023-11-16T16:58:21","slug":"laromedel-for-lararna","status":"publish","type":"page","link":"https:\/\/didunas.eu\/de\/laromedel-for-lararna\/","title":{"rendered":"L\u00e4romedel f\u00f6r l\u00e4rarna"},"content":{"rendered":"<div data-elementor-type=\"wp-page\" data-elementor-id=\"3164\" class=\"elementor elementor-3164\">\n\t\t\t\t\t\t<section class=\"elementor-section elementor-top-section elementor-element elementor-element-6409847 elementor-section-content-middle elementor-section-boxed elementor-section-height-default elementor-section-height-default elementor-invisible\" data-id=\"6409847\" data-element_type=\"section\" data-e-type=\"section\" data-settings=\"{&quot;background_background&quot;:&quot;classic&quot;,&quot;animation&quot;:&quot;fadeInUp&quot;}\">\n\t\t\t\t\t\t<div class=\"elementor-container elementor-column-gap-default\">\n\t\t\t\t\t<div class=\"elementor-column elementor-col-100 elementor-top-column elementor-element elementor-element-af4423f\" data-id=\"af4423f\" data-element_type=\"column\" data-e-type=\"column\">\n\t\t\t<div class=\"elementor-widget-wrap elementor-element-populated\">\n\t\t\t\t\t\t<div class=\"elementor-element elementor-element-ce2be75 elementor-widget elementor-widget-heading\" data-id=\"ce2be75\" data-element_type=\"widget\" data-e-type=\"widget\" data-widget_type=\"heading.default\">\n\t\t\t\t<div class=\"elementor-widget-container\">\n\t\t\t\t\t<h1 class=\"elementor-heading-title elementor-size-default\">L\u00e4romedel f\u00f6r l\u00e4rarna p\u00e5 Svenska<\/h1>\t\t\t\t<\/div>\n\t\t\t\t<\/div>\n\t\t\t\t\t<\/div>\n\t\t<\/div>\n\t\t\t\t\t<\/div>\n\t\t<\/section>\n\t\t\t\t<section class=\"elementor-section elementor-top-section elementor-element elementor-element-f0793c2 elementor-section-boxed elementor-section-height-default elementor-section-height-default\" data-id=\"f0793c2\" data-element_type=\"section\" data-e-type=\"section\">\n\t\t\t\t\t\t<div class=\"elementor-container elementor-column-gap-default\">\n\t\t\t\t\t<div class=\"elementor-column elementor-col-100 elementor-top-column elementor-element elementor-element-01bd1a7\" data-id=\"01bd1a7\" data-element_type=\"column\" data-e-type=\"column\">\n\t\t\t<div class=\"elementor-widget-wrap elementor-element-populated\">\n\t\t\t\t\t\t<div class=\"elementor-element elementor-element-9d30524 elementor-widget elementor-widget-text-editor\" data-id=\"9d30524\" data-element_type=\"widget\" data-e-type=\"widget\" data-widget_type=\"text-editor.default\">\n\t\t\t\t<div class=\"elementor-widget-container\">\n\t\t\t\t\t\t\t\t\t<p><span style=\"font-size: 18pt;\"><strong>H\u00e4r hittar du l\u00e4romedel f\u00f6r l\u00e4rarna p\u00e5 Svenska.<\/strong><\/span><\/p><p><span style=\"font-size: 14pt;\">\u00a0<\/span><\/p>\t\t\t\t\t\t\t\t<\/div>\n\t\t\t\t<\/div>\n\t\t\t\t<div class=\"elementor-element elementor-element-5816021 elementor-widget elementor-widget-text-editor\" data-id=\"5816021\" data-element_type=\"widget\" data-e-type=\"widget\" data-widget_type=\"text-editor.default\">\n\t\t\t\t<div class=\"elementor-widget-container\">\n\t\t\t\t\t\t\t\t\t<p><span style=\"font-size: 14pt;\">L\u00e4romedel f\u00f6r l\u00e4rare om att st\u00e4rka 1:ans elever med sv\u00e5righeter i matematik<\/span><\/p><ul><li><span style=\"font-size: 14pt;\"><a href=\"http:\/\/didunas.eu\/wp-content\/uploads\/2023\/11\/Stoed-till-elever-i-arskurs-1-med-svarigheter-i-matematik_Book.pdf\">Handbok f\u00f6r l\u00e4rarna<\/a><\/span><\/li><li><span style=\"font-size: 14pt;\"><a href=\"http:\/\/didunas.eu\/wp-content\/uploads\/2023\/11\/Stoedja-elever-i-arskurs-1-med-svarigheter-i-matematik_Presentation.pdf\">Presentationen av l\u00e4rarens handbok<\/a><\/span><\/li><\/ul>\t\t\t\t\t\t\t\t<\/div>\n\t\t\t\t<\/div>\n\t\t\t\t\t<\/div>\n\t\t<\/div>\n\t\t\t\t\t<\/div>\n\t\t<\/section>\n\t\t\t\t<\/div>","protected":false},"excerpt":{"rendered":"<p>L\u00e4romedel f\u00f6r l\u00e4rarna p\u00e5 Svenska H\u00e4r hittar du l\u00e4romedel f\u00f6r l\u00e4rarna p\u00e5 Svenska. \u00a0 L\u00e4romedel f\u00f6r l\u00e4rare om att st\u00e4rka 1:ans elever [&hellip;]<\/p>\n","protected":false},"author":1,"featured_media":0,"parent":0,"menu_order":4,"comment_status":"closed","ping_status":"closed","template":"page-templates\/page_front-page.php","meta":{"footnotes":""},"class_list":["post-3164","page","type-page","status-publish","hentry"],"_links":{"self":[{"href":"https:\/\/didunas.eu\/de\/wp-json\/wp\/v2\/pages\/3164","targetHints":{"allow":["GET"]}}],"collection":[{"href":"https:\/\/didunas.eu\/de\/wp-json\/wp\/v2\/pages"}],"about":[{"href":"https:\/\/didunas.eu\/de\/wp-json\/wp\/v2\/types\/page"}],"author":[{"embeddable":true,"href":"https:\/\/didunas.eu\/de\/wp-json\/wp\/v2\/users\/1"}],"replies":[{"embeddable":true,"href":"https:\/\/didunas.eu\/de\/wp-json\/wp\/v2\/comments?post=3164"}],"version-history":[{"count":13,"href":"https:\/\/didunas.eu\/de\/wp-json\/wp\/v2\/pages\/3164\/revisions"}],"predecessor-version":[{"id":3334,"href":"https:\/\/didunas.eu\/de\/wp-json\/wp\/v2\/pages\/3164\/revisions\/3334"}],"wp:attachment":[{"href":"https:\/\/didunas.eu\/de\/wp-json\/wp\/v2\/media?parent=3164"}],"curies":[{"name":"wp","href":"https:\/\/api.w.org\/{rel}","templated":true}]}}