{"id":3165,"date":"2023-11-16T14:37:12","date_gmt":"2023-11-16T14:37:12","guid":{"rendered":"https:\/\/didunas.eu\/?page_id=3165"},"modified":"2023-11-29T13:34:05","modified_gmt":"2023-11-29T13:34:05","slug":"material-fur-lehrkrafte","status":"publish","type":"page","link":"https:\/\/didunas.eu\/de\/material-fur-lehrkrafte\/","title":{"rendered":"Material f\u00fcr Lehrkr\u00e4fte"},"content":{"rendered":"<div data-elementor-type=\"wp-page\" data-elementor-id=\"3165\" class=\"elementor elementor-3165\">\n\t\t\t\t\t\t<section class=\"elementor-section elementor-top-section elementor-element elementor-element-6409847 elementor-section-content-middle elementor-section-boxed elementor-section-height-default elementor-section-height-default elementor-invisible\" data-id=\"6409847\" data-element_type=\"section\" data-e-type=\"section\" data-settings=\"{&quot;background_background&quot;:&quot;classic&quot;,&quot;animation&quot;:&quot;fadeInUp&quot;}\">\n\t\t\t\t\t\t<div class=\"elementor-container elementor-column-gap-default\">\n\t\t\t\t\t<div class=\"elementor-column elementor-col-100 elementor-top-column elementor-element elementor-element-af4423f\" data-id=\"af4423f\" data-element_type=\"column\" data-e-type=\"column\">\n\t\t\t<div class=\"elementor-widget-wrap elementor-element-populated\">\n\t\t\t\t\t\t<div class=\"elementor-element elementor-element-ce2be75 elementor-widget elementor-widget-heading\" data-id=\"ce2be75\" data-element_type=\"widget\" data-e-type=\"widget\" data-widget_type=\"heading.default\">\n\t\t\t\t<div class=\"elementor-widget-container\">\n\t\t\t\t\t<h1 class=\"elementor-heading-title elementor-size-default\">Material f\u00fcr Lehrkr\u00e4fte<\/h1>\t\t\t\t<\/div>\n\t\t\t\t<\/div>\n\t\t\t\t\t<\/div>\n\t\t<\/div>\n\t\t\t\t\t<\/div>\n\t\t<\/section>\n\t\t\t\t<section class=\"elementor-section elementor-top-section elementor-element elementor-element-f0793c2 elementor-section-boxed elementor-section-height-default elementor-section-height-default\" data-id=\"f0793c2\" data-element_type=\"section\" data-e-type=\"section\">\n\t\t\t\t\t\t<div class=\"elementor-container elementor-column-gap-default\">\n\t\t\t\t\t<div class=\"elementor-column elementor-col-100 elementor-top-column elementor-element elementor-element-01bd1a7\" data-id=\"01bd1a7\" data-element_type=\"column\" data-e-type=\"column\">\n\t\t\t<div class=\"elementor-widget-wrap elementor-element-populated\">\n\t\t\t\t\t\t<div class=\"elementor-element elementor-element-9d30524 elementor-widget elementor-widget-text-editor\" data-id=\"9d30524\" data-element_type=\"widget\" data-e-type=\"widget\" data-widget_type=\"text-editor.default\">\n\t\t\t\t<div class=\"elementor-widget-container\">\n\t\t\t\t\t\t\t\t\t<p><span style=\"font-size: 18pt;\"><strong>Hier finden Sie das DIDUNAS Material f\u00fcr Lehrkr\u00e4fte auf Deutsch.<\/strong><\/span><\/p><p><span style=\"font-size: 14pt;\">\u00a0<\/span><\/p>\t\t\t\t\t\t\t\t<\/div>\n\t\t\t\t<\/div>\n\t\t\t\t<div class=\"elementor-element elementor-element-5816021 elementor-widget elementor-widget-text-editor\" data-id=\"5816021\" data-element_type=\"widget\" data-e-type=\"widget\" data-widget_type=\"text-editor.default\">\n\t\t\t\t<div class=\"elementor-widget-container\">\n\t\t\t\t\t\t\t\t\t<p><span style=\"font-size: 14pt;\">Material f\u00fcr Lehrkr\u00e4fte zum Thema &#8220;Unterst\u00fctzung von Sch\u00fcler*innen der 1. Klasse mit Schwierigkeiten in Mathematik&#8221;<\/span><\/p><ul><li><span style=\"font-size: 14pt;\"><a href=\"http:\/\/didunas.eu\/wp-content\/uploads\/2023\/11\/Flyer_DIDUNAS_Lehrkraefte.pdf\" target=\"_blank\" rel=\"noopener\">Informationsflyer f\u00fcr Lehrkr\u00e4fte<\/a><\/span><\/li><li><span style=\"font-size: 14pt;\"><a href=\"http:\/\/didunas.eu\/wp-content\/uploads\/2023\/11\/Leitfaden_Lehrkraefte_Buch.pdf\" target=\"_blank\" rel=\"noopener\">Buch f\u00fcr Lehrkr\u00e4fte<\/a>\u00a0<\/span><\/li><li><span style=\"font-size: 14pt;\"><a href=\"http:\/\/didunas.eu\/wp-content\/uploads\/2023\/11\/Leitfaden_Lehrkraefte_Praesentation.pdf\" target=\"_blank\" rel=\"noopener\">Pr\u00e4sentation f\u00fcr Lehrkr\u00e4fte<\/a><\/span><\/li><\/ul>\t\t\t\t\t\t\t\t<\/div>\n\t\t\t\t<\/div>\n\t\t\t\t\t<\/div>\n\t\t<\/div>\n\t\t\t\t\t<\/div>\n\t\t<\/section>\n\t\t\t\t<\/div>","protected":false},"excerpt":{"rendered":"<p>Material f\u00fcr Lehrkr\u00e4fte Hier finden Sie das DIDUNAS Material f\u00fcr Lehrkr\u00e4fte auf Deutsch. \u00a0 Material f\u00fcr Lehrkr\u00e4fte zum Thema &#8220;Unterst\u00fctzung von Sch\u00fcler*innen [&hellip;]<\/p>\n","protected":false},"author":1,"featured_media":0,"parent":0,"menu_order":4,"comment_status":"closed","ping_status":"closed","template":"page-templates\/page_front-page.php","meta":{"footnotes":""},"class_list":["post-3165","page","type-page","status-publish","hentry"],"_links":{"self":[{"href":"https:\/\/didunas.eu\/de\/wp-json\/wp\/v2\/pages\/3165","targetHints":{"allow":["GET"]}}],"collection":[{"href":"https:\/\/didunas.eu\/de\/wp-json\/wp\/v2\/pages"}],"about":[{"href":"https:\/\/didunas.eu\/de\/wp-json\/wp\/v2\/types\/page"}],"author":[{"embeddable":true,"href":"https:\/\/didunas.eu\/de\/wp-json\/wp\/v2\/users\/1"}],"replies":[{"embeddable":true,"href":"https:\/\/didunas.eu\/de\/wp-json\/wp\/v2\/comments?post=3165"}],"version-history":[{"count":28,"href":"https:\/\/didunas.eu\/de\/wp-json\/wp\/v2\/pages\/3165\/revisions"}],"predecessor-version":[{"id":3622,"href":"https:\/\/didunas.eu\/de\/wp-json\/wp\/v2\/pages\/3165\/revisions\/3622"}],"wp:attachment":[{"href":"https:\/\/didunas.eu\/de\/wp-json\/wp\/v2\/media?parent=3165"}],"curies":[{"name":"wp","href":"https:\/\/api.w.org\/{rel}","templated":true}]}}