{"id":3166,"date":"2023-11-16T14:20:22","date_gmt":"2023-11-16T14:20:22","guid":{"rendered":"https:\/\/didunas.eu\/?page_id=3166"},"modified":"2023-11-17T09:40:51","modified_gmt":"2023-11-17T09:40:51","slug":"laromedel-for-foraldrarna-vardnadshavarna","status":"publish","type":"page","link":"https:\/\/didunas.eu\/de\/laromedel-for-foraldrarna-vardnadshavarna\/","title":{"rendered":"L\u00e4romedel f\u00f6r f\u00f6r\u00e4ldrarna\/ v\u00e5rdnadshavarna"},"content":{"rendered":"<div data-elementor-type=\"wp-page\" data-elementor-id=\"3166\" class=\"elementor elementor-3166\">\n\t\t\t\t\t\t<section class=\"elementor-section elementor-top-section elementor-element elementor-element-6409847 elementor-section-content-middle elementor-section-boxed elementor-section-height-default elementor-section-height-default elementor-invisible\" data-id=\"6409847\" data-element_type=\"section\" data-e-type=\"section\" data-settings=\"{&quot;background_background&quot;:&quot;classic&quot;,&quot;animation&quot;:&quot;fadeInUp&quot;}\">\n\t\t\t\t\t\t<div class=\"elementor-container elementor-column-gap-default\">\n\t\t\t\t\t<div class=\"elementor-column elementor-col-100 elementor-top-column elementor-element elementor-element-af4423f\" data-id=\"af4423f\" data-element_type=\"column\" data-e-type=\"column\">\n\t\t\t<div class=\"elementor-widget-wrap elementor-element-populated\">\n\t\t\t\t\t\t<div class=\"elementor-element elementor-element-ce2be75 elementor-widget elementor-widget-heading\" data-id=\"ce2be75\" data-element_type=\"widget\" data-e-type=\"widget\" data-widget_type=\"heading.default\">\n\t\t\t\t<div class=\"elementor-widget-container\">\n\t\t\t\t\t<h1 class=\"elementor-heading-title elementor-size-default\">L\u00e4romedel f\u00f6r f\u00f6r\u00e4ldrarna\/ v\u00e5rdnadshavarna<\/h1>\t\t\t\t<\/div>\n\t\t\t\t<\/div>\n\t\t\t\t\t<\/div>\n\t\t<\/div>\n\t\t\t\t\t<\/div>\n\t\t<\/section>\n\t\t\t\t<section class=\"elementor-section elementor-top-section elementor-element elementor-element-f0793c2 elementor-section-boxed elementor-section-height-default elementor-section-height-default\" data-id=\"f0793c2\" data-element_type=\"section\" data-e-type=\"section\">\n\t\t\t\t\t\t<div class=\"elementor-container elementor-column-gap-default\">\n\t\t\t\t\t<div class=\"elementor-column elementor-col-100 elementor-top-column elementor-element elementor-element-01bd1a7\" data-id=\"01bd1a7\" data-element_type=\"column\" data-e-type=\"column\">\n\t\t\t<div class=\"elementor-widget-wrap elementor-element-populated\">\n\t\t\t\t\t\t<div class=\"elementor-element elementor-element-9d30524 elementor-widget elementor-widget-text-editor\" data-id=\"9d30524\" data-element_type=\"widget\" data-e-type=\"widget\" data-widget_type=\"text-editor.default\">\n\t\t\t\t<div class=\"elementor-widget-container\">\n\t\t\t\t\t\t\t\t\t<p><strong><span style=\"font-size: 18pt;\">H\u00e4r hittar du l\u00e4romedel f\u00f6r f\u00f6r\u00e4ldrarna\/ v\u00e5rdnadshavarna p\u00e5 Svenska<\/span><\/strong><\/p><p><strong><span style=\"font-size: 18pt;\">\u00a0<\/span><\/strong><\/p>\t\t\t\t\t\t\t\t<\/div>\n\t\t\t\t<\/div>\n\t\t\t\t<div class=\"elementor-element elementor-element-5816021 elementor-widget elementor-widget-text-editor\" data-id=\"5816021\" data-element_type=\"widget\" data-e-type=\"widget\" data-widget_type=\"text-editor.default\">\n\t\t\t\t<div class=\"elementor-widget-container\">\n\t\t\t\t\t\t\t\t\t<p><span style=\"font-size: 14pt;\">L\u00e4romedel &nbsp;f\u00f6r f\u00f6r\u00e4ldrarnas\/v\u00e5rdnadshavarnas: \u2018deltagande i matematikutbildning: En anv\u00e4ndbar guide f\u00f6r f\u00f6r\u00e4ldrar till barn i 1:an\u2019<\/span><\/p>\n<ul>\n<li><span style=\"font-size: 14pt;\"><a href=\"http:\/\/didunas.eu\/wp-content\/uploads\/2023\/11\/Engagera-foeraeldrarna-i-matematikundervisningen_Book.pdf\">Handbok f\u00f6r f\u00f6r\u00e4ldrarna\/ v\u00e5rdnadshavarna<\/a><\/span><\/li>\n<li><span style=\"font-size: 14pt;\"><a href=\"http:\/\/didunas.eu\/wp-content\/uploads\/2023\/11\/En-anvaendbar-guide-foer-foeraeldrar-till-barn-i-arskurs-1_Presentation.pdf\">Presentationen f\u00f6r f\u00f6r\u00e4ldrarna\/ v\u00e5rdnadshavarna<\/a><\/span><\/li>\n<\/ul>\t\t\t\t\t\t\t\t<\/div>\n\t\t\t\t<\/div>\n\t\t\t\t\t<\/div>\n\t\t<\/div>\n\t\t\t\t\t<\/div>\n\t\t<\/section>\n\t\t\t\t<\/div>","protected":false},"excerpt":{"rendered":"<p>L\u00e4romedel f\u00f6r f\u00f6r\u00e4ldrarna\/ v\u00e5rdnadshavarna H\u00e4r hittar du l\u00e4romedel f\u00f6r f\u00f6r\u00e4ldrarna\/ v\u00e5rdnadshavarna p\u00e5 Svenska \u00a0 L\u00e4romedel &nbsp;f\u00f6r f\u00f6r\u00e4ldrarnas\/v\u00e5rdnadshavarnas: \u2018deltagande i matematikutbildning: En anv\u00e4ndbar [&hellip;]<\/p>\n","protected":false},"author":1,"featured_media":0,"parent":0,"menu_order":4,"comment_status":"closed","ping_status":"closed","template":"page-templates\/page_front-page.php","meta":{"footnotes":""},"class_list":["post-3166","page","type-page","status-publish","hentry"],"_links":{"self":[{"href":"https:\/\/didunas.eu\/de\/wp-json\/wp\/v2\/pages\/3166","targetHints":{"allow":["GET"]}}],"collection":[{"href":"https:\/\/didunas.eu\/de\/wp-json\/wp\/v2\/pages"}],"about":[{"href":"https:\/\/didunas.eu\/de\/wp-json\/wp\/v2\/types\/page"}],"author":[{"embeddable":true,"href":"https:\/\/didunas.eu\/de\/wp-json\/wp\/v2\/users\/1"}],"replies":[{"embeddable":true,"href":"https:\/\/didunas.eu\/de\/wp-json\/wp\/v2\/comments?post=3166"}],"version-history":[{"count":40,"href":"https:\/\/didunas.eu\/de\/wp-json\/wp\/v2\/pages\/3166\/revisions"}],"predecessor-version":[{"id":3517,"href":"https:\/\/didunas.eu\/de\/wp-json\/wp\/v2\/pages\/3166\/revisions\/3517"}],"wp:attachment":[{"href":"https:\/\/didunas.eu\/de\/wp-json\/wp\/v2\/media?parent=3166"}],"curies":[{"name":"wp","href":"https:\/\/api.w.org\/{rel}","templated":true}]}}